{"id":30,"date":"2019-04-18T09:15:50","date_gmt":"2019-04-18T07:15:50","guid":{"rendered":"https:\/\/www.ij-regeltechnik.de\/?page_id=30"},"modified":"2022-12-02T08:25:40","modified_gmt":"2022-12-02T07:25:40","slug":"loesungen","status":"publish","type":"page","link":"https:\/\/www.ij-regeltechnik.de\/en\/loesungen\/","title":{"rendered":"L\u00f6sungen"},"content":{"rendered":"<div class=\"wpb-content-wrapper\"><p><\/p>\n<p>[vc_row bg_type=&#8221;image&#8221; parallax_style=&#8221;vcpb-default&#8221; bg_image_new=&#8221;id^120|url^https:\/\/www.ij-regeltechnik.de\/wp-content\/uploads\/2019\/04\/header-loesungen.jpg|caption^null|alt^null|title^header-loesungen|description^null&#8221;][vc_column width=&#8221;1\/1&#8243;][ultimate_spacer height=&#8221;300&#8243; height_on_tabs=&#8221;300&#8243; height_on_tabs_portrait=&#8221;300&#8243; height_on_mob_landscape=&#8221;200&#8243; height_on_mob=&#8221;200&#8243;][vc_row_inner][vc_column_inner width=&#8221;1\/2&#8243;][vc_column_text]<\/p>\n<h1 class=\"ueberschrift\">L\u00f6sungen<\/h1>\n<p>[\/vc_column_text][\/vc_column_inner][vc_column_inner width=&#8221;1\/2&#8243;][\/vc_column_inner][\/vc_row_inner][ultimate_spacer height=&#8221;150&#8243; height_on_tabs=&#8221;150&#8243; height_on_tabs_portrait=&#8221;150&#8243; height_on_mob_landscape=&#8221;150&#8243; height_on_mob=&#8221;150&#8243;][\/vc_column][\/vc_row][vc_row][vc_column width=&#8221;1\/1&#8243;]<div class=\"spacer\" style=\"height: 40px;\"><\/div>[vc_row_inner][vc_column_inner width=&#8221;1\/2&#8243;][vc_column_text el_class=&#8221;rahmen&#8221;]<\/p>\n<h2>Industrie- und Geb\u00e4udeautomation<\/h2>\n<p>Nutzen Sie unser geballtes Knowhow in der Automation. Wir setzen konsequent auf offene Standards um auch ihr Projekt langfristig zu unterstu\u0308tzten.<\/p>\n<p>Mit mehr als 45 Jahren Erfahrung am Markt profitieren auch Ihre Projekte von unseren Leistungen.<\/p>\n<p>Wir vertrauen hierbei auf die Produkte aus dem Hause Saia Burgess Controls \u2013 hier sind wir seit 1995 Systempartner und verfu\u0308gen somit u\u0308ber langj\u00e4hrige Erfahrungen, die es uns erm\u00f6glichen auch ihr Projekt erfolgreich auszufu\u0308hren und zu betreuen.[\/vc_column_text][\/vc_column_inner][vc_column_inner width=&#8221;1\/2&#8243;][vc_column_text el_class=&#8221;rahmen&#8221;]<\/p>\n<h2>Energiemanagement<\/h2>\n<p>In Zeiten von Ressourcenverknappung und Klimawandel kommt dem Energiemangement eine immer gr\u00f6\u00dfere Bedeutung zu. Egal ob Sie Energieverbr\u00e4uche erfassen m\u00f6chten, oder ob Sie ein komplettes Ernergiemanagementsystem mit automatisierten Auswertungen einfu\u0308hren m\u00f6chten, wir sind ihr zuverl\u00e4ssiger Partner.[\/vc_column_text]<div class=\"spacer\" style=\"height: 20px;\"><\/div>[vc_column_text el_class=&#8221;rahmen&#8221;]<\/p>\n<h2>Visualisierung<\/h2>\n<p>Ob Visualisierung eines Ablu\u0308fters in Webdarstellung fu\u0308r den Browser oder Einzelraumvisualisierung von tausenden R\u00e4umen als serverbasiertes, redundantes GLT System \u2013 wir bringen Ihre technischen Anforderungen mit Ihren wirtschaftlichen Vorstellungen in Einklang.[\/vc_column_text][\/vc_column_inner][\/vc_row_inner]<div class=\"spacer\" style=\"height: 40px;\"><\/div>[\/vc_column][\/vc_row][vc_row bg_type=&#8221;image&#8221; parallax_style=&#8221;vcpb-default&#8221; bg_image_new=&#8221;id^99|url^https:\/\/www.ij-regeltechnik.de\/wp-content\/uploads\/2019\/04\/itter-jens-background.jpg|caption^null|alt^null|title^itter-jens-background|description^null&#8221;][vc_column width=&#8221;1\/1&#8243;]<div class=\"spacer\" style=\"height: 40px;\"><\/div>[vc_row_inner][vc_column_inner width=&#8221;5\/6&#8243;][vc_column_text]<\/p>\n<h2>Kontaktieren Sie uns um Ihr Projekt zu besprechen.<\/h2>\n<h4>Wir nehmen uns kurzfristig Zeit fu\u0308r Ihr Anliegen \u2013 egal ob telefonisch, per Mail oder Fax.<\/h4>\n<p>[\/vc_column_text]<div class=\"spacer\" style=\"height: 40px;\"><\/div>[\/vc_column_inner][vc_column_inner width=&#8221;1\/6&#8243;]<a href=\"https:\/\/www.ij-regeltechnik.de\/kontakt\/\" target=\"_self\" class=\"button color-3 medium \" style=\"border-radius: 2px;\">Kontakt<\/a>[\/vc_column_inner][\/vc_row_inner][\/vc_column][\/vc_row]<\/p>\n<p><\/p>\n<\/div>","protected":false},"excerpt":{"rendered":"<p>[vc_row bg_type=&#8221;image&#8221; parallax_style=&#8221;vcpb-default&#8221; bg_image_new=&#8221;id^120|url^https:\/\/www.ij-regeltechnik.de\/wp-content\/uploads\/2019\/04\/header-loesungen.jpg|caption^null|alt^null|title^header-loesungen|description^null&#8221;][vc_column width=&#8221;1\/1&#8243;][ultimate_spacer height=&#8221;300&#8243; height_on_tabs=&#8221;300&#8243; height_on_tabs_portrait=&#8221;300&#8243; height_on_mob_landscape=&#8221;200&#8243; height_on_mob=&#8221;200&#8243;][vc_row_inner][vc_column_inner width=&#8221;1\/2&#8243;][vc_column_text] L\u00f6sungen [\/vc_column_text][\/vc_column_inner][vc_column_inner width=&#8221;1\/2&#8243;][\/vc_column_inner][\/vc_row_inner][ultimate_spacer height=&#8221;150&#8243; height_on_tabs=&#8221;150&#8243; height_on_tabs_portrait=&#8221;150&#8243; height_on_mob_landscape=&#8221;150&#8243; height_on_mob=&#8221;150&#8243;][\/vc_column][\/vc_row][vc_row][vc_column width=&#8221;1\/1&#8243;][vc_row_inner][vc_column_inner width=&#8221;1\/2&#8243;][vc_column_text el_class=&#8221;rahmen&#8221;] Industrie- und Geb\u00e4udeautomation Nutzen Sie unser geballtes Knowhow in der Automation. Wir setzen konsequent auf offene Standards um auch ihr Projekt langfristig zu unterstu\u0308tzten. Mit mehr als 45 Jahren Erfahrung am Markt profitieren auch Ihre Projekte von unseren Leistungen. Wir vertrauen hierbei auf die Produkte aus dem Hause Saia Burgess Controls \u2013 hier sind wir seit 1995 Systempartner und verfu\u0308gen somit u\u0308ber langj\u00e4hrige Erfahrungen, die es uns erm\u00f6glichen auch ihr Projekt erfolgreich auszufu\u0308hren und zu betreuen.[\/vc_column_text][\/vc_column_inner][vc_column_inner width=&#8221;1\/2&#8243;][vc_column_text el_class=&#8221;rahmen&#8221;] Energiemanagement In Zeiten von Ressourcenverknappung und Klimawandel kommt dem Energiemangement eine immer gr\u00f6\u00dfere Bedeutung zu. Egal ob Sie Energieverbr\u00e4uche erfassen m\u00f6chten, oder ob Sie ein komplettes Ernergiemanagementsystem mit automatisierten Auswertungen einfu\u0308hren m\u00f6chten, wir sind ihr zuverl\u00e4ssiger Partner.[\/vc_column_text][vc_column_text el_class=&#8221;rahmen&#8221;] Visualisierung Ob Visualisierung eines Ablu\u0308fters in Webdarstellung fu\u0308r den Browser oder Einzelraumvisualisierung von tausenden R\u00e4umen als serverbasiertes, redundantes GLT System \u2013 wir bringen Ihre technischen Anforderungen mit Ihren wirtschaftlichen Vorstellungen in Einklang.[\/vc_column_text][\/vc_column_inner][\/vc_row_inner][\/vc_column][\/vc_row][vc_row bg_type=&#8221;image&#8221; parallax_style=&#8221;vcpb-default&#8221; bg_image_new=&#8221;id^99|url^https:\/\/www.ij-regeltechnik.de\/wp-content\/uploads\/2019\/04\/itter-jens-background.jpg|caption^null|alt^null|title^itter-jens-background|description^null&#8221;][vc_column width=&#8221;1\/1&#8243;][vc_row_inner][vc_column_inner width=&#8221;5\/6&#8243;][vc_column_text] Kontaktieren Sie uns um Ihr Projekt zu besprechen. Wir nehmen uns kurzfristig Zeit fu\u0308r Ihr Anliegen \u2013 egal ob telefonisch, per Mail oder Fax. [\/vc_column_text][\/vc_column_inner][vc_column_inner [&hellip;]<\/p>\n","protected":false},"author":1,"featured_media":0,"parent":0,"menu_order":0,"comment_status":"closed","ping_status":"closed","template":"","meta":{"footnotes":""},"class_list":["post-30","page","type-page","status-publish","hentry"],"_links":{"self":[{"href":"https:\/\/www.ij-regeltechnik.de\/en\/wp-json\/wp\/v2\/pages\/30","targetHints":{"allow":["GET"]}}],"collection":[{"href":"https:\/\/www.ij-regeltechnik.de\/en\/wp-json\/wp\/v2\/pages"}],"about":[{"href":"https:\/\/www.ij-regeltechnik.de\/en\/wp-json\/wp\/v2\/types\/page"}],"author":[{"embeddable":true,"href":"https:\/\/www.ij-regeltechnik.de\/en\/wp-json\/wp\/v2\/users\/1"}],"replies":[{"embeddable":true,"href":"https:\/\/www.ij-regeltechnik.de\/en\/wp-json\/wp\/v2\/comments?post=30"}],"version-history":[{"count":24,"href":"https:\/\/www.ij-regeltechnik.de\/en\/wp-json\/wp\/v2\/pages\/30\/revisions"}],"predecessor-version":[{"id":373,"href":"https:\/\/www.ij-regeltechnik.de\/en\/wp-json\/wp\/v2\/pages\/30\/revisions\/373"}],"wp:attachment":[{"href":"https:\/\/www.ij-regeltechnik.de\/en\/wp-json\/wp\/v2\/media?parent=30"}],"curies":[{"name":"wp","href":"https:\/\/api.w.org\/{rel}","templated":true}]}}