{"id":46,"date":"2022-11-18T09:26:48","date_gmt":"2022-11-18T08:26:48","guid":{"rendered":"https:\/\/www.ij-regeltechnik.de\/?page_id=46"},"modified":"2025-05-13T12:54:13","modified_gmt":"2025-05-13T10:54:13","slug":"ueber-ij","status":"publish","type":"page","link":"https:\/\/www.ij-regeltechnik.de\/en\/ueber-ij\/","title":{"rendered":"\u00dcber IJ"},"content":{"rendered":"<div class=\"wpb-content-wrapper\"><p>[vc_row bg_type=&#8221;image&#8221; parallax_style=&#8221;vcpb-default&#8221; bg_image_new=&#8221;id^131|url^https:\/\/www.ij-regeltechnik.de\/wp-content\/uploads\/2019\/04\/header-ueberuns.jpg|caption^null|alt^null|title^header-ueberuns|description^null&#8221;][vc_column width=&#8221;1\/1&#8243;][ultimate_spacer height=&#8221;300&#8243; height_on_tabs=&#8221;300&#8243; height_on_tabs_portrait=&#8221;300&#8243; height_on_mob_landscape=&#8221;200&#8243; height_on_mob=&#8221;200&#8243;][vc_row_inner][vc_column_inner width=&#8221;1\/2&#8243;][vc_column_text]<\/p>\n<h1 class=\"ueberschrift\">\u00dcber IJ<\/h1>\n<p>[\/vc_column_text][\/vc_column_inner][vc_column_inner width=&#8221;1\/2&#8243;][\/vc_column_inner][\/vc_row_inner][ultimate_spacer height=&#8221;150&#8243; height_on_tabs=&#8221;50&#8243; height_on_tabs_portrait=&#8221;50&#8243; height_on_mob_landscape=&#8221;50&#8243; height_on_mob=&#8221;50&#8243;][\/vc_column][\/vc_row][vc_row][vc_column width=&#8221;1\/1&#8243;]<div class=\"spacer\" style=\"height: 40px;\"><\/div>[vc_row_inner][vc_column_inner][vc_column_text]<\/p>\n<h2>\u00dcber uns<\/h2>\n<p>Die IJ Regeltechnik Itter &amp; Jen\u00df oHG wurde 1972 durch Heinz Jakob Itter und Hans Ju\u0308rgen Jen\u00df in Offenbach am Main gegr\u00fcndet.<\/p>\n<p>1987 wurde die Firma in eine GmbH umgewandelt.<\/p>\n<p>Im Jahr 1990 erfolgte der Umzug nach Langen (Hessen).<\/p>\n<p>Im Jahre 1994 schied Herr Jen\u00df aus gesundheitlichen Gru\u0308nden aus der Firma aus; und Herr Mathias Itter u\u0308bernahm seine Anteile am Unternehmen und ist seitdem als Gesch\u00e4ftsf\u00fchrer t\u00e4tig.<\/p>\n<p>2020 erfolgte die Verlegung des Firmensitzes in die Weserstra\u00dfe 14 in Langen. Dort haben wir mehr Raum um f\u00fcr zuk\u00fcnftige Entwicklungen gut aufgestellt zu sein.[\/vc_column_text]<div class=\"spacer\" style=\"height: 40px;\"><\/div>[\/vc_column_inner][\/vc_row_inner][\/vc_column][\/vc_row][vc_row bg_type=&#8221;image&#8221; parallax_style=&#8221;vcpb-default&#8221; bg_image_new=&#8221;id^99|url^https:\/\/www.ij-regeltechnik.de\/wp-content\/uploads\/2019\/04\/itter-jens-background.jpg|caption^null|alt^null|title^itter-jens-background|description^null&#8221;][vc_column width=&#8221;1\/1&#8243;]<div class=\"spacer\" style=\"height: 40px;\"><\/div>[vc_row_inner][vc_column_inner width=&#8221;5\/6&#8243;][vc_column_text]<\/p>\n<h2>Kontaktieren Sie uns um Ihr Projekt zu besprechen.<\/h2>\n<h4>Wir nehmen uns kurzfristig Zeit fu\u0308r Ihr Anliegen \u2013 egal ob telefonisch, per Mail oder Fax.<\/h4>\n<p>[\/vc_column_text]<div class=\"spacer\" style=\"height: 40px;\"><\/div>[\/vc_column_inner][vc_column_inner width=&#8221;1\/6&#8243;]<a href=\"https:\/\/www.ij-regeltechnik.de\/kontakt\/\" target=\"_self\" class=\"button color-3 medium \" style=\"border-radius: 2px;\">Kontakt<\/a>[\/vc_column_inner][\/vc_row_inner][\/vc_column][\/vc_row]<\/p>\n<\/div>","protected":false},"excerpt":{"rendered":"<p>[vc_row bg_type=&#8221;image&#8221; parallax_style=&#8221;vcpb-default&#8221; bg_image_new=&#8221;id^131|url^https:\/\/www.ij-regeltechnik.de\/wp-content\/uploads\/2019\/04\/header-ueberuns.jpg|caption^null|alt^null|title^header-ueberuns|description^null&#8221;][vc_column width=&#8221;1\/1&#8243;][ultimate_spacer height=&#8221;300&#8243; height_on_tabs=&#8221;300&#8243; height_on_tabs_portrait=&#8221;300&#8243; height_on_mob_landscape=&#8221;200&#8243; height_on_mob=&#8221;200&#8243;][vc_row_inner][vc_column_inner width=&#8221;1\/2&#8243;][vc_column_text] \u00dcber IJ [\/vc_column_text][\/vc_column_inner][vc_column_inner width=&#8221;1\/2&#8243;][\/vc_column_inner][\/vc_row_inner][ultimate_spacer height=&#8221;150&#8243; height_on_tabs=&#8221;50&#8243; height_on_tabs_portrait=&#8221;50&#8243; height_on_mob_landscape=&#8221;50&#8243; height_on_mob=&#8221;50&#8243;][\/vc_column][\/vc_row][vc_row][vc_column width=&#8221;1\/1&#8243;][vc_row_inner][vc_column_inner][vc_column_text] \u00dcber uns Die IJ Regeltechnik Itter &amp; Jen\u00df oHG wurde 1972 durch Heinz Jakob Itter und Hans Ju\u0308rgen Jen\u00df in Offenbach am Main gegr\u00fcndet. 1987 wurde die Firma in eine GmbH umgewandelt. Im Jahr 1990 erfolgte der Umzug nach Langen (Hessen). Im Jahre 1994 schied Herr Jen\u00df aus gesundheitlichen Gru\u0308nden aus der Firma aus; und Herr Mathias Itter u\u0308bernahm seine Anteile am Unternehmen und ist seitdem als Gesch\u00e4ftsf\u00fchrer t\u00e4tig. 2020 erfolgte die Verlegung des Firmensitzes in die Weserstra\u00dfe 14 in Langen. Dort haben wir mehr Raum um f\u00fcr zuk\u00fcnftige Entwicklungen gut aufgestellt zu sein.[\/vc_column_text][\/vc_column_inner][\/vc_row_inner][\/vc_column][\/vc_row][vc_row bg_type=&#8221;image&#8221; parallax_style=&#8221;vcpb-default&#8221; bg_image_new=&#8221;id^99|url^https:\/\/www.ij-regeltechnik.de\/wp-content\/uploads\/2019\/04\/itter-jens-background.jpg|caption^null|alt^null|title^itter-jens-background|description^null&#8221;][vc_column width=&#8221;1\/1&#8243;][vc_row_inner][vc_column_inner width=&#8221;5\/6&#8243;][vc_column_text] Kontaktieren Sie uns um Ihr Projekt zu besprechen. Wir nehmen uns kurzfristig Zeit fu\u0308r Ihr Anliegen \u2013 egal ob telefonisch, per Mail oder Fax. [\/vc_column_text][\/vc_column_inner][vc_column_inner width=&#8221;1\/6&#8243;][\/vc_column_inner][\/vc_row_inner][\/vc_column][\/vc_row]<\/p>\n","protected":false},"author":2,"featured_media":0,"parent":0,"menu_order":0,"comment_status":"closed","ping_status":"closed","template":"","meta":{"footnotes":""},"class_list":["post-46","page","type-page","status-publish","hentry"],"_links":{"self":[{"href":"https:\/\/www.ij-regeltechnik.de\/en\/wp-json\/wp\/v2\/pages\/46","targetHints":{"allow":["GET"]}}],"collection":[{"href":"https:\/\/www.ij-regeltechnik.de\/en\/wp-json\/wp\/v2\/pages"}],"about":[{"href":"https:\/\/www.ij-regeltechnik.de\/en\/wp-json\/wp\/v2\/types\/page"}],"author":[{"embeddable":true,"href":"https:\/\/www.ij-regeltechnik.de\/en\/wp-json\/wp\/v2\/users\/2"}],"replies":[{"embeddable":true,"href":"https:\/\/www.ij-regeltechnik.de\/en\/wp-json\/wp\/v2\/comments?post=46"}],"version-history":[{"count":20,"href":"https:\/\/www.ij-regeltechnik.de\/en\/wp-json\/wp\/v2\/pages\/46\/revisions"}],"predecessor-version":[{"id":378,"href":"https:\/\/www.ij-regeltechnik.de\/en\/wp-json\/wp\/v2\/pages\/46\/revisions\/378"}],"wp:attachment":[{"href":"https:\/\/www.ij-regeltechnik.de\/en\/wp-json\/wp\/v2\/media?parent=46"}],"curies":[{"name":"wp","href":"https:\/\/api.w.org\/{rel}","templated":true}]}}